{"id":2375,"date":"2024-05-02T06:34:09","date_gmt":"2024-05-02T06:34:09","guid":{"rendered":"https:\/\/dermoscalp.ee\/?post_type=product&#038;p=2375"},"modified":"2025-09-08T07:14:47","modified_gmt":"2025-09-08T07:14:47","slug":"dermoscalp-him","status":"publish","type":"product","link":"https:\/\/www.dermoscalp.ee\/en\/product\/dermoscalp-him\/","title":{"rendered":"DermoScalp for Him"},"content":{"rendered":"<div id=\"shopify-section-product-template\" class=\"shopify-section\">\n<div id=\"ProductSection\" data-section-id=\"product-template\" data-section-type=\"product-template\" data-image-zoom-type=\"lightbox\" data-show-extra-tab=\"false\" data-extra-tab-content=\"\" data-cart-enable-ajax=\"true\" data-enable-history-state=\"true\">\n<div class=\"product-single__description rte\">\n<p>This oil is specifically designed for men who want to thicken their hair or beard, but of course, women can also use this oil! DermoScalp oil helps stimulate and accelerate hair and\/or beard growth. Be sure to use the oil in areas that are thinner, where you would like to see faster hair and\/or beard growth!<\/p>\n<p><strong>How to use?<\/strong><\/p>\n<p>Use on dry scalp and beard before washing your hair! Water repels oil from the scalp, and this treatment won\u2019t work on a wet scalp. Gently massage the dry scalp, then apply a total of 3-4 (half) pipettes of DermoScalp scalp oil to different areas of the scalp. Massage the oil evenly into the scalp. You can also apply the oil to the lengths and ends of your hair. Do not use too much oil; your hair does not need to be oily. Put your hair in a bun or simply secure it with a clip. If you wish, protect and add warmth by wearing a towel. The scalp oil also protects and nourishes the hair. Leave it on for 2 hours and use it twice a week for the best results. You could do a scalp oiling treatment course. Do not leave the hair oil on overnight, as this may clog pores. For the best results (faster hair growth and thickening \u2013 stimulating the scalp), leave the oil on the scalp and hair for 2-4 hours. Wash off the oil with shampoo 2-3 times, washing and lathering thoroughly from each area. We recommend DermoScalp Rosemary or Palmarosa series shampoos, as they are not too strong and leave rich nutrients in the hair. Then use a small amount of DermoScalp Palmarosa conditioner, rinsing especially thoroughly, then dry your hair or let it dry. Do not go to bed with wet hair! Your hair will be smooth and soft, and your scalp will be pleasantly moisturized, nourished, and happy.<\/p>\n<p><strong>NB!<\/strong> If you feel irritation - immediately wash off the product 2-3 times with shampoo. If you are allergic to any of the ingredients - do not use the product! Avoid contact with eyes, as the oils may irritate the eyes. Store the oil in warmer conditions. It can solidify when cool. If it solidifies, hold it under warm water for a minute or make a water bath for the bottle.<\/p>\n<p><strong>Use on eyebrows!\u00a0<\/strong>You can also use this oil on your eyebrows with a small amount of cotton wool or a brush, if you are not allergic to these ingredients. Keep the oil on for up to 30 minutes, remove the oil with a face wash foam\/product. Do not get the product in your eyes! Oils are irritating to the eyes.<\/p>\n<p>After opening, use the product within 3 months!<\/p>\n<p>DermoScalp 30ml 31,40\u20ac<\/p>\n<p>Made in Estonia<\/p>\n<\/div>\n<\/div>\n<\/div>","protected":false},"excerpt":{"rendered":"<p>Why oil your scalp regularly?! Because this procedure moisturizes, nourishes, cleanses, and tones, stimulating scalp circulation. Argan oil restores the scalp\u2019s protective barriers and stimulates cells. It gives hair a boost of vitamin E and Omega-9 fatty acids! It also contains oleic acid, which helps the scalp recover and renew, and linoleic acid, which has anti-inflammatory properties, helping to reduce rashes and redness. Castor and rosemary oils stimulate hair growth. Massage the oil into thinner areas to promote hair or beard growth, especially in those spots. Mint provides a pleasant and refreshingly cool feeling after using the oil. Marigold oil can improve overall scalp health and help reduce hair loss. Olive oil reduces scalp flaking and helps get rid of oily scalp. Coconut oil stimulates scalp circulation. Grape seed oil contains vitamin E, flavonoids, and linoleic acid, and Buriti extract contains vitamin E, vitamin C, and beta-carotene, all essential for healthy hair growth and vitality. Beta-carotene helps combat hair thinning by promoting cell regrowth. Beta-carotene encourages the preservation and development of hair follicles. Cajeput extract has many antiseptic and analgesic properties, which also help reduce inflammation. It improves scalp circulation, thus promoting strong hair growth.<\/p>\n<p>DermoScalp 30 ml ingredients: Argan oil, Marigold oil, Olive oil, Coconut oil, Castor oil, Grapeseed oil, Buriti extract, Cajeput extract, Rosemary extract, Mint extract<\/p>","protected":false},"featured_media":2386,"comment_status":"open","ping_status":"closed","template":"","meta":{"site-sidebar-layout":"default","site-content-layout":"","ast-site-content-layout":"default","site-content-style":"default","site-sidebar-style":"default","ast-global-header-display":"","ast-banner-title-visibility":"","ast-main-header-display":"","ast-hfb-above-header-display":"","ast-hfb-below-header-display":"","ast-hfb-mobile-header-display":"","site-post-title":"","ast-breadcrumbs-content":"","ast-featured-img":"","footer-sml-layout":"","theme-transparent-header-meta":"default","adv-header-id-meta":"","stick-header-meta":"","header-above-stick-meta":"","header-main-stick-meta":"","header-below-stick-meta":"","astra-migrate-meta-layouts":"set","ast-page-background-enabled":"default","ast-page-background-meta":{"desktop":{"background-color":"var(--ast-global-color-4)","background-image":"","background-repeat":"repeat","background-position":"center center","background-size":"auto","background-attachment":"scroll","background-type":"","background-media":"","overlay-type":"","overlay-color":"","overlay-gradient":""},"tablet":{"background-color":"","background-image":"","background-repeat":"repeat","background-position":"center center","background-size":"auto","background-attachment":"scroll","background-type":"","background-media":"","overlay-type":"","overlay-color":"","overlay-gradient":""},"mobile":{"background-color":"","background-image":"","background-repeat":"repeat","background-position":"center center","background-size":"auto","background-attachment":"scroll","background-type":"","background-media":"","overlay-type":"","overlay-color":"","overlay-gradient":""}},"ast-content-background-meta":{"desktop":{"background-color":"var(--ast-global-color-5)","background-image":"","background-repeat":"repeat","background-position":"center center","background-size":"auto","background-attachment":"scroll","background-type":"","background-media":"","overlay-type":"","overlay-color":"","overlay-gradient":""},"tablet":{"background-color":"var(--ast-global-color-5)","background-image":"","background-repeat":"repeat","background-position":"center center","background-size":"auto","background-attachment":"scroll","background-type":"","background-media":"","overlay-type":"","overlay-color":"","overlay-gradient":""},"mobile":{"background-color":"var(--ast-global-color-5)","background-image":"","background-repeat":"repeat","background-position":"center center","background-size":"auto","background-attachment":"scroll","background-type":"","background-media":"","overlay-type":"","overlay-color":"","overlay-gradient":""}}},"product_brand":[],"product_cat":[131],"product_tag":[],"class_list":{"0":"post-2375","1":"product","2":"type-product","3":"status-publish","4":"has-post-thumbnail","6":"product_cat-peanahaoli","7":"desktop-align-left","8":"tablet-align-left","9":"mobile-align-left","11":"first","12":"instock","13":"taxable","14":"shipping-taxable","15":"purchasable","16":"product-type-simple"},"yoast_head":"<!-- This site is optimized with the Yoast SEO plugin v24.1 - https:\/\/yoast.com\/wordpress\/plugins\/seo\/ -->\n<title>juuksehooldus meestele<\/title>\n<meta name=\"robots\" content=\"index, follow, max-snippet:-1, max-image-preview:large, max-video-preview:-1\" \/>\n<link rel=\"canonical\" href=\"https:\/\/dermoscalp.ee\/product\/dermoscalp-him\/\" \/>\n<meta property=\"og:locale\" content=\"en_US\" \/>\n<meta property=\"og:type\" content=\"article\" \/>\n<meta property=\"og:title\" content=\"juuksehooldus meestele\" \/>\n<meta property=\"og:description\" content=\"Miks \u00f5litada peanahka regulaarselt?! Sest see protseduur niisutab, toidab, puhastab, toniseerib ehk ergutab peanaha vereringet. Argaania\u00f5li taastab peanaha kaitsebarj\u00e4\u00e4re ning stimuleerib rakke. Annavad juustele E-vitamiini ja Omega-9 rasvhapete boosti! Sisaldab ka Oleiinhapet, mis aitab peanahal taastuda ja uueneda ning Linoolhapet, mis on p\u00f5letikuvastase omadusega, aitab v\u00e4hendada l\u00f6\u00f6beid ja punetust. Riitsinus ja Rosmariin ergutavad juuksekasvu. Masseeri \u00f5li ka h\u00f5redamatele kohtadele, et soodustada juukse- v\u00f5i habemekasvu eriti nendes kohtades. M\u00fcnt annab m\u00f5nusa ning jahutavalt v\u00e4rske tunde peale \u00f5li kasutamist. Marigold \u00f5li v\u00f5ib parandada peanaha \u00fcldist tervist ja aitab v\u00e4hendada juuste v\u00e4ljalangemist. Oliivi\u00f5li v\u00e4hendab peanaha ketendust ja aitab vabaneda rasusest peanahast. Kookos\u00f5li stimuleerib peanaha vereringet. Viinamarjaseemne \u00f5li sisaldab vitamiin E-d, flavonoide ja linoolhapet ja Buriti ekstrakt sisaldab vitamiin E-d, vitamiin C-d ja beeta-karoteeni, mis on k\u00f5ik vajalikud tervete juuste kasvuks ja eluj\u00f5uks. Beeta-karoteen aitab v\u00f5idelda juuste h\u00f5renemise vastu, sest see aitab kaasa rakkude taaskasvule. Beeta-karoteen soodustab juustefolliikulite s\u00e4ilimist ja arengut. Cajeput ekstraktil on palju antiseptilisi ja analgeetilisi omadusi, mis aitab v\u00e4hendada samuti p\u00f5letikke. See parandab peanaha vereringet, soodustades seega samuti tugevat juustekasvu.  DermoScalp 30 ml koostisosad: Argan oil, Marigold oil, Olive oil, Coconut oil, Castor oil, Grapeseed oil, Buriti extract, Cajeput extract, Rosemary extract, Mint extract\" \/>\n<meta property=\"og:url\" content=\"https:\/\/dermoscalp.ee\/product\/dermoscalp-him\/\" \/>\n<meta property=\"og:site_name\" content=\"DermoScalp\" \/>\n<meta property=\"article:modified_time\" content=\"2025-09-08T07:14:47+00:00\" \/>\n<meta property=\"og:image\" content=\"https:\/\/www.dermoscalp.ee\/wp-content\/uploads\/2024\/04\/DSC2798.jpeg\" \/>\n\t<meta property=\"og:image:width\" content=\"1363\" \/>\n\t<meta property=\"og:image:height\" content=\"2048\" \/>\n\t<meta property=\"og:image:type\" content=\"image\/jpeg\" \/>\n<meta name=\"twitter:card\" content=\"summary_large_image\" \/>\n<meta name=\"twitter:label1\" content=\"Est. reading time\" \/>\n\t<meta name=\"twitter:data1\" content=\"3 minutes\" \/>\n<script type=\"application\/ld+json\" class=\"yoast-schema-graph\">{\"@context\":\"https:\/\/schema.org\",\"@graph\":[{\"@type\":\"WebPage\",\"@id\":\"https:\/\/dermoscalp.ee\/product\/dermoscalp-him\/\",\"url\":\"https:\/\/dermoscalp.ee\/product\/dermoscalp-him\/\",\"name\":\"juuksehooldus meestele\",\"isPartOf\":{\"@id\":\"https:\/\/dermoscalp.ee\/#website\"},\"primaryImageOfPage\":{\"@id\":\"https:\/\/dermoscalp.ee\/product\/dermoscalp-him\/#primaryimage\"},\"image\":{\"@id\":\"https:\/\/dermoscalp.ee\/product\/dermoscalp-him\/#primaryimage\"},\"thumbnailUrl\":\"https:\/\/www.dermoscalp.ee\/wp-content\/uploads\/2024\/04\/DSC2798.jpeg\",\"datePublished\":\"2024-05-02T06:34:09+00:00\",\"dateModified\":\"2025-09-08T07:14:47+00:00\",\"breadcrumb\":{\"@id\":\"https:\/\/dermoscalp.ee\/product\/dermoscalp-him\/#breadcrumb\"},\"inLanguage\":\"en-US\",\"potentialAction\":[{\"@type\":\"ReadAction\",\"target\":[\"https:\/\/dermoscalp.ee\/product\/dermoscalp-him\/\"]}]},{\"@type\":\"ImageObject\",\"inLanguage\":\"en-US\",\"@id\":\"https:\/\/dermoscalp.ee\/product\/dermoscalp-him\/#primaryimage\",\"url\":\"https:\/\/www.dermoscalp.ee\/wp-content\/uploads\/2024\/04\/DSC2798.jpeg\",\"contentUrl\":\"https:\/\/www.dermoscalp.ee\/wp-content\/uploads\/2024\/04\/DSC2798.jpeg\",\"width\":1363,\"height\":2048},{\"@type\":\"BreadcrumbList\",\"@id\":\"https:\/\/dermoscalp.ee\/product\/dermoscalp-him\/#breadcrumb\",\"itemListElement\":[{\"@type\":\"ListItem\",\"position\":1,\"name\":\"Home\",\"item\":\"https:\/\/www.dermoscalp.ee\/\"},{\"@type\":\"ListItem\",\"position\":2,\"name\":\"Pood\",\"item\":\"https:\/\/dermoscalp.ee\/shop-2\/\"},{\"@type\":\"ListItem\",\"position\":3,\"name\":\"DermoScalp for Him\"}]},{\"@type\":\"WebSite\",\"@id\":\"https:\/\/dermoscalp.ee\/#website\",\"url\":\"https:\/\/dermoscalp.ee\/\",\"name\":\"DermoScalp\",\"description\":\"Sinu peanaha heaks!\",\"potentialAction\":[{\"@type\":\"SearchAction\",\"target\":{\"@type\":\"EntryPoint\",\"urlTemplate\":\"https:\/\/dermoscalp.ee\/?s={search_term_string}\"},\"query-input\":{\"@type\":\"PropertyValueSpecification\",\"valueRequired\":true,\"valueName\":\"search_term_string\"}}],\"inLanguage\":\"en-US\"}]}<\/script>\n<!-- \/ Yoast SEO plugin. -->","yoast_head_json":{"title":"juuksehooldus meestele","robots":{"index":"index","follow":"follow","max-snippet":"max-snippet:-1","max-image-preview":"max-image-preview:large","max-video-preview":"max-video-preview:-1"},"canonical":"https:\/\/dermoscalp.ee\/product\/dermoscalp-him\/","og_locale":"en_US","og_type":"article","og_title":"juuksehooldus meestele","og_description":"Miks \u00f5litada peanahka regulaarselt?! Sest see protseduur niisutab, toidab, puhastab, toniseerib ehk ergutab peanaha vereringet. Argaania\u00f5li taastab peanaha kaitsebarj\u00e4\u00e4re ning stimuleerib rakke. Annavad juustele E-vitamiini ja Omega-9 rasvhapete boosti! Sisaldab ka Oleiinhapet, mis aitab peanahal taastuda ja uueneda ning Linoolhapet, mis on p\u00f5letikuvastase omadusega, aitab v\u00e4hendada l\u00f6\u00f6beid ja punetust. Riitsinus ja Rosmariin ergutavad juuksekasvu. Masseeri \u00f5li ka h\u00f5redamatele kohtadele, et soodustada juukse- v\u00f5i habemekasvu eriti nendes kohtades. M\u00fcnt annab m\u00f5nusa ning jahutavalt v\u00e4rske tunde peale \u00f5li kasutamist. Marigold \u00f5li v\u00f5ib parandada peanaha \u00fcldist tervist ja aitab v\u00e4hendada juuste v\u00e4ljalangemist. Oliivi\u00f5li v\u00e4hendab peanaha ketendust ja aitab vabaneda rasusest peanahast. Kookos\u00f5li stimuleerib peanaha vereringet. Viinamarjaseemne \u00f5li sisaldab vitamiin E-d, flavonoide ja linoolhapet ja Buriti ekstrakt sisaldab vitamiin E-d, vitamiin C-d ja beeta-karoteeni, mis on k\u00f5ik vajalikud tervete juuste kasvuks ja eluj\u00f5uks. Beeta-karoteen aitab v\u00f5idelda juuste h\u00f5renemise vastu, sest see aitab kaasa rakkude taaskasvule. Beeta-karoteen soodustab juustefolliikulite s\u00e4ilimist ja arengut. Cajeput ekstraktil on palju antiseptilisi ja analgeetilisi omadusi, mis aitab v\u00e4hendada samuti p\u00f5letikke. See parandab peanaha vereringet, soodustades seega samuti tugevat juustekasvu.  DermoScalp 30 ml koostisosad: Argan oil, Marigold oil, Olive oil, Coconut oil, Castor oil, Grapeseed oil, Buriti extract, Cajeput extract, Rosemary extract, Mint extract","og_url":"https:\/\/dermoscalp.ee\/product\/dermoscalp-him\/","og_site_name":"DermoScalp","article_modified_time":"2025-09-08T07:14:47+00:00","og_image":[{"width":1363,"height":2048,"url":"https:\/\/www.dermoscalp.ee\/wp-content\/uploads\/2024\/04\/DSC2798.jpeg","type":"image\/jpeg"}],"twitter_card":"summary_large_image","twitter_misc":{"Est. reading time":"3 minutes"},"schema":{"@context":"https:\/\/schema.org","@graph":[{"@type":"WebPage","@id":"https:\/\/dermoscalp.ee\/product\/dermoscalp-him\/","url":"https:\/\/dermoscalp.ee\/product\/dermoscalp-him\/","name":"juuksehooldus meestele","isPartOf":{"@id":"https:\/\/dermoscalp.ee\/#website"},"primaryImageOfPage":{"@id":"https:\/\/dermoscalp.ee\/product\/dermoscalp-him\/#primaryimage"},"image":{"@id":"https:\/\/dermoscalp.ee\/product\/dermoscalp-him\/#primaryimage"},"thumbnailUrl":"https:\/\/www.dermoscalp.ee\/wp-content\/uploads\/2024\/04\/DSC2798.jpeg","datePublished":"2024-05-02T06:34:09+00:00","dateModified":"2025-09-08T07:14:47+00:00","breadcrumb":{"@id":"https:\/\/dermoscalp.ee\/product\/dermoscalp-him\/#breadcrumb"},"inLanguage":"en-US","potentialAction":[{"@type":"ReadAction","target":["https:\/\/dermoscalp.ee\/product\/dermoscalp-him\/"]}]},{"@type":"ImageObject","inLanguage":"en-US","@id":"https:\/\/dermoscalp.ee\/product\/dermoscalp-him\/#primaryimage","url":"https:\/\/www.dermoscalp.ee\/wp-content\/uploads\/2024\/04\/DSC2798.jpeg","contentUrl":"https:\/\/www.dermoscalp.ee\/wp-content\/uploads\/2024\/04\/DSC2798.jpeg","width":1363,"height":2048},{"@type":"BreadcrumbList","@id":"https:\/\/dermoscalp.ee\/product\/dermoscalp-him\/#breadcrumb","itemListElement":[{"@type":"ListItem","position":1,"name":"Home","item":"https:\/\/www.dermoscalp.ee\/"},{"@type":"ListItem","position":2,"name":"Pood","item":"https:\/\/dermoscalp.ee\/shop-2\/"},{"@type":"ListItem","position":3,"name":"DermoScalp for Him"}]},{"@type":"WebSite","@id":"https:\/\/dermoscalp.ee\/#website","url":"https:\/\/dermoscalp.ee\/","name":"DermoScalp","description":"Sinu peanaha heaks!","potentialAction":[{"@type":"SearchAction","target":{"@type":"EntryPoint","urlTemplate":"https:\/\/dermoscalp.ee\/?s={search_term_string}"},"query-input":{"@type":"PropertyValueSpecification","valueRequired":true,"valueName":"search_term_string"}}],"inLanguage":"en-US"}]}},"_links":{"self":[{"href":"https:\/\/www.dermoscalp.ee\/en\/wp-json\/wp\/v2\/product\/2375","targetHints":{"allow":["GET"]}}],"collection":[{"href":"https:\/\/www.dermoscalp.ee\/en\/wp-json\/wp\/v2\/product"}],"about":[{"href":"https:\/\/www.dermoscalp.ee\/en\/wp-json\/wp\/v2\/types\/product"}],"replies":[{"embeddable":true,"href":"https:\/\/www.dermoscalp.ee\/en\/wp-json\/wp\/v2\/comments?post=2375"}],"version-history":[{"count":5,"href":"https:\/\/www.dermoscalp.ee\/en\/wp-json\/wp\/v2\/product\/2375\/revisions"}],"predecessor-version":[{"id":2475,"href":"https:\/\/www.dermoscalp.ee\/en\/wp-json\/wp\/v2\/product\/2375\/revisions\/2475"}],"wp:featuredmedia":[{"embeddable":true,"href":"https:\/\/www.dermoscalp.ee\/en\/wp-json\/wp\/v2\/media\/2386"}],"wp:attachment":[{"href":"https:\/\/www.dermoscalp.ee\/en\/wp-json\/wp\/v2\/media?parent=2375"}],"wp:term":[{"taxonomy":"product_brand","embeddable":true,"href":"https:\/\/www.dermoscalp.ee\/en\/wp-json\/wp\/v2\/product_brand?post=2375"},{"taxonomy":"product_cat","embeddable":true,"href":"https:\/\/www.dermoscalp.ee\/en\/wp-json\/wp\/v2\/product_cat?post=2375"},{"taxonomy":"product_tag","embeddable":true,"href":"https:\/\/www.dermoscalp.ee\/en\/wp-json\/wp\/v2\/product_tag?post=2375"}],"curies":[{"name":"wp","href":"https:\/\/api.w.org\/{rel}","templated":true}]}}